{"id":14,"date":"2021-07-02T15:58:01","date_gmt":"2021-07-02T15:58:01","guid":{"rendered":"https:\/\/hotnews.skylabmusic.com\/?page_id=14"},"modified":"2025-03-01T13:13:59","modified_gmt":"2025-03-01T12:13:59","slug":"hotnews","status":"publish","type":"page","link":"https:\/\/hotnews.skylabmusic.com\/","title":{"rendered":"HOTNEWS"},"content":{"rendered":"<div class=\"wp-block-image is-style-default\">\n<figure class=\"alignright size-large is-resized\"><img loading=\"lazy\" decoding=\"async\" width=\"445\" height=\"343\" src=\"http:\/\/hotnews.skylabmusic.com\/wp-content\/uploads\/2021\/07\/Hotnews_white1.jpg\" alt=\"\" class=\"wp-image-20\" style=\"width:223px;height:172px\" srcset=\"https:\/\/hotnews.skylabmusic.com\/wp-content\/uploads\/2021\/07\/Hotnews_white1.jpg 445w, https:\/\/hotnews.skylabmusic.com\/wp-content\/uploads\/2021\/07\/Hotnews_white1-300x231.jpg 300w\" sizes=\"auto, (max-width: 445px) 100vw, 445px\" \/><\/figure>\n<\/div>\n\n\n<p>Dette site er til hyldest og minde om det legendariske radioprogram <strong>Hotnews<\/strong>, der blev sendt hver fredag aften p\u00e5 Radio Holb\u00e6k 104,7 MHz fra midt 80\u2019erne til 1996. Kendt som spontan og crazy radio kombineret&nbsp;med en spr\u00f8d blanding af Soul, Funk, Swing Beat, Hiphop, Trance og Techno.<\/p>\n\n\n\n<p>Programmet har igennem tiden haft flere forskellige v\u00e6rter, hvoraf kun \u00e9n har v\u00e6ret gennemg\u00e5ende, nemlig Jesper \u201cSoulman\u201d Christiansen. Derfor har showet naturligt ogs\u00e5 udviklet sin form, men dog med samme grundprincipper.<\/p>\n\n\n\n<p>Dette site hylder specielt perioden fra 1990-1993, hvor showet havde en fast kerne med tre DJs der hver pr\u00e6senterede deres bud p\u00e5 de hotteste nyheder i hver deres genre. <\/p>\n\n\n\n<h2 class=\"wp-block-heading\"><strong>V\u00e6rterne igennem showets histori<\/strong>e<\/h2>\n\n\n\n<h3 class=\"wp-block-heading\">Jesper &#8220;Soulman&#8221; Christiansen<\/h3>\n\n\n\n<div class=\"wp-block-media-text alignwide is-stacked-on-mobile\" style=\"grid-template-columns:23% auto\"><figure class=\"wp-block-media-text__media\"><img loading=\"lazy\" decoding=\"async\" width=\"150\" height=\"150\" src=\"http:\/\/hotnews.skylabmusic.com\/wp-content\/uploads\/2021\/07\/JesperChristiansen.jpg\" alt=\"Jesper &quot;Soulman&quot; Christiansen\" class=\"wp-image-114 size-full\"\/><\/figure><div class=\"wp-block-media-text__content\">\n<p class=\"has-normal-font-size\">Deltog i perioden: 1985 \u2013 1996<br>I starten kendt under navnet DJ Rock, men senere som Soulman aka Jesper Christiansen, der siden programmets start har v\u00e6ret fast inventar og prim\u00e6rt leverede spr\u00f8d&nbsp;Soul, Funk og Swing Beat.<br>Den eneste der har v\u00e6ret med fra start til slut i showet historie.<\/p>\n<\/div><\/div>\n\n\n\n<hr class=\"wp-block-separator has-css-opacity is-style-wide\"\/>\n\n\n\n<h3 class=\"wp-block-heading\">Rasmus &#8220;Curtzz&#8221; Fokdal<\/h3>\n\n\n\n<div class=\"wp-block-media-text alignwide is-stacked-on-mobile\" style=\"grid-template-columns:24% auto\"><figure class=\"wp-block-media-text__media\"><img loading=\"lazy\" decoding=\"async\" width=\"150\" height=\"150\" src=\"http:\/\/hotnews.skylabmusic.com\/wp-content\/uploads\/2021\/07\/RasmusFokdal.jpg\" alt=\"\" class=\"wp-image-115 size-full\"\/><\/figure><div class=\"wp-block-media-text__content\">\n<p class=\"has-normal-font-size\">Deltog i perioden: 1992-01-17 \u2013 1996-06-28<br>Curtzz overtog efter DJ Gustav og fortsatte med at repr\u00e6sentere Hiphop og var med til showets slutning 28 Juni 1996.<\/p>\n<\/div><\/div>\n\n\n\n<hr class=\"wp-block-separator has-css-opacity is-style-wide\"\/>\n\n\n\n<h3 class=\"wp-block-heading\">Morten &#8220;Belmondo&#8221; Selmer<\/h3>\n\n\n\n<div class=\"wp-block-media-text alignwide is-stacked-on-mobile\" style=\"grid-template-columns:24% auto\"><figure class=\"wp-block-media-text__media\"><img loading=\"lazy\" decoding=\"async\" width=\"150\" height=\"150\" src=\"http:\/\/hotnews.skylabmusic.com\/wp-content\/uploads\/2021\/07\/MortenSelmer.jpg\" alt=\"\" class=\"wp-image-112 size-full\"\/><\/figure><div class=\"wp-block-media-text__content\">\n<p class=\"has-normal-font-size\">Deltog i perioden 1990-08-14 \u2013 1993<br>I starten kendt under navnet DJ Beat, men senere som Belmondo, repr\u00e6senterede den elektroniske afdeling med House, Techno og Trance.<\/p>\n<\/div><\/div>\n\n\n\n<hr class=\"wp-block-separator has-css-opacity is-style-wide\"\/>\n\n\n\n<h3 class=\"wp-block-heading\">Kim &#8220;DJ Gustav&#8221; Hansen<\/h3>\n\n\n\n<div class=\"wp-block-media-text alignwide is-stacked-on-mobile has-black-color has-white-background-color has-text-color has-background\" style=\"grid-template-columns:23% auto\"><figure class=\"wp-block-media-text__media\"><img loading=\"lazy\" decoding=\"async\" width=\"150\" height=\"150\" src=\"http:\/\/hotnews.skylabmusic.com\/wp-content\/uploads\/2021\/07\/KimGustavHansen.jpg\" alt=\"\" class=\"wp-image-113 size-full\"\/><\/figure><div class=\"wp-block-media-text__content\">\n<p class=\"has-normal-font-size\">Deltog i perioden: 1990 \u2013 1991<br>Kim &#8220;DJ Gustav&#8221; Hansen pr\u00e6senterede Hiphop.<\/p>\n<\/div><\/div>\n\n\n\n<hr class=\"wp-block-separator has-css-opacity is-style-wide\"\/>\n\n\n\n<h2 class=\"wp-block-heading\">Har du flere oplysninger om Hotnews?<\/h2>\n\n\n\n<div class=\"wp-block-buttons is-layout-flex wp-block-buttons-is-layout-flex\">\n<div class=\"wp-block-button is-style-fill\"><a class=\"wp-block-button__link wp-element-button\" href=\"https:\/\/hotnews.skylabmusic.com\/index.php\/kontakt\/\">Kontakt os<\/a><\/div>\n<\/div>\n\n\n\n<p><\/p>\n","protected":false},"excerpt":{"rendered":"<p>Dette site er til hyldest og minde om det legendariske radioprogram Hotnews, der blev sendt hver fredag aften p\u00e5 Radio Holb\u00e6k 104,7 MHz fra midt 80\u2019erne til 1996. Kendt som spontan og crazy radio kombineret&nbsp;med &hellip;<\/p>\n","protected":false},"author":1,"featured_media":0,"parent":0,"menu_order":0,"comment_status":"closed","ping_status":"closed","template":"","meta":{"footnotes":""},"class_list":["post-14","page","type-page","status-publish","hentry"],"_links":{"self":[{"href":"https:\/\/hotnews.skylabmusic.com\/index.php\/wp-json\/wp\/v2\/pages\/14","targetHints":{"allow":["GET"]}}],"collection":[{"href":"https:\/\/hotnews.skylabmusic.com\/index.php\/wp-json\/wp\/v2\/pages"}],"about":[{"href":"https:\/\/hotnews.skylabmusic.com\/index.php\/wp-json\/wp\/v2\/types\/page"}],"author":[{"embeddable":true,"href":"https:\/\/hotnews.skylabmusic.com\/index.php\/wp-json\/wp\/v2\/users\/1"}],"replies":[{"embeddable":true,"href":"https:\/\/hotnews.skylabmusic.com\/index.php\/wp-json\/wp\/v2\/comments?post=14"}],"version-history":[{"count":24,"href":"https:\/\/hotnews.skylabmusic.com\/index.php\/wp-json\/wp\/v2\/pages\/14\/revisions"}],"predecessor-version":[{"id":1140,"href":"https:\/\/hotnews.skylabmusic.com\/index.php\/wp-json\/wp\/v2\/pages\/14\/revisions\/1140"}],"wp:attachment":[{"href":"https:\/\/hotnews.skylabmusic.com\/index.php\/wp-json\/wp\/v2\/media?parent=14"}],"curies":[{"name":"wp","href":"https:\/\/api.w.org\/{rel}","templated":true}]}}